{"id":3642,"date":"2024-02-26T09:44:57","date_gmt":"2024-02-26T09:44:57","guid":{"rendered":"https:\/\/himero.io\/ingredienser\/"},"modified":"2024-06-12T05:20:47","modified_gmt":"2024-06-12T05:20:47","slug":"ingredienser","status":"publish","type":"page","link":"https:\/\/himero.io\/no\/ingredienser\/","title":{"rendered":"Ingredienser"},"content":{"rendered":"\t\t<div data-elementor-type=\"wp-page\" data-elementor-id=\"3642\" class=\"elementor elementor-3642 elementor-1127\" data-elementor-post-type=\"page\">\n\t\t\t\t<div class=\"elementor-element elementor-element-f3c407e innertop-banner-sctn e-con-full e-flex e-con e-parent\" data-id=\"f3c407e\" data-element_type=\"container\" data-settings=\"{&quot;background_background&quot;:&quot;gradient&quot;}\">\n\t\t<div class=\"elementor-element elementor-element-8b3c007 e-flex e-con-boxed e-con e-child\" data-id=\"8b3c007\" data-element_type=\"container\">\n\t\t\t\t\t<div class=\"e-con-inner\">\n\t\t\t\t<div class=\"elementor-element elementor-element-88eab1e elementor-widget elementor-widget-heading\" data-id=\"88eab1e\" data-element_type=\"widget\" data-widget_type=\"heading.default\">\n\t\t\t\t<div class=\"elementor-widget-container\">\n\t\t\t<h1 class=\"elementor-heading-title elementor-size-default\">Ingredienser<\/h1>\t\t<\/div>\n\t\t\t\t<\/div>\n\t\t\t\t\t<\/div>\n\t\t\t\t<\/div>\n\t\t\t\t<\/div>\n\t\t<div class=\"elementor-element elementor-element-7fc6b1b e-flex e-con-boxed e-con e-parent\" data-id=\"7fc6b1b\" data-element_type=\"container\" data-settings=\"{&quot;background_background&quot;:&quot;classic&quot;}\">\n\t\t\t\t\t<div class=\"e-con-inner\">\n\t\t<div class=\"elementor-element elementor-element-c8f1cd6 e-con-full e-flex e-con e-child\" data-id=\"c8f1cd6\" data-element_type=\"container\">\n\t\t\t\t<div class=\"elementor-element elementor-element-7a54fd9 elementor-widget elementor-widget-heading\" data-id=\"7a54fd9\" data-element_type=\"widget\" data-widget_type=\"heading.default\">\n\t\t\t\t<div class=\"elementor-widget-container\">\n\t\t\t<h2 class=\"elementor-heading-title elementor-size-default\">Ingredienser<\/h2>\t\t<\/div>\n\t\t\t\t<\/div>\n\t\t\t\t<div class=\"elementor-element elementor-element-e86842b elementor-widget-divider--view-line elementor-widget elementor-widget-divider\" data-id=\"e86842b\" data-element_type=\"widget\" data-widget_type=\"divider.default\">\n\t\t\t\t<div class=\"elementor-widget-container\">\n\t\t\t\t\t<div class=\"elementor-divider\">\n\t\t\t<span class=\"elementor-divider-separator\">\n\t\t\t\t\t\t<\/span>\n\t\t<\/div>\n\t\t\t\t<\/div>\n\t\t\t\t<\/div>\n\t\t\t\t<div class=\"elementor-element elementor-element-29010d7 ingred-table elementor-widget elementor-widget-text-editor\" data-id=\"29010d7\" data-element_type=\"widget\" data-widget_type=\"text-editor.default\">\n\t\t\t\t<div class=\"elementor-widget-container\">\n\t\t\t\t\t\t\t<div class=\"table\">\n<div>\n<table>\n<thead>\n<tr>\n<th>Trippel ytelsesmiks<\/th>\n<th><\/th>\n<th>% NRV.<\/th>\n<\/tr>\n<\/thead>\n<tbody>\n<tr>\n<td>L-arginin<\/td>\n<td>250 mg<\/td>\n<td><\/td>\n<\/tr>\n<tr>\n<td>Tribulus Terrestris-ekstrakt<\/td>\n<td>1500 mg<\/td>\n<td>**<\/td>\n<\/tr>\n<tr>\n<td>Maca-rotekstrakt<\/td>\n<td>600 mg<\/td>\n<td>**<\/td>\n<\/tr>\n<tr>\n<td>Koreansk ginsengekstrakt<\/td>\n<td>350 mg<\/td>\n<td>**<\/td>\n<\/tr>\n<\/tbody>\n<\/table>\n<\/div>\n<\/div>\t\t\t\t\t\t<\/div>\n\t\t\t\t<\/div>\n\t\t\t\t<div class=\"elementor-element elementor-element-349c41e elementor-widget elementor-widget-text-editor\" data-id=\"349c41e\" data-element_type=\"widget\" data-widget_type=\"text-editor.default\">\n\t\t\t\t<div class=\"elementor-widget-container\">\n\t\t\t\t\t\t\t* Prosent av referanseverdi etter ** Nei<br>\nanbefaling tilgjengelig<br>\nVedlegg\t\t\t\t\t\t<\/div>\n\t\t\t\t<\/div>\n\t\t\t\t<div class=\"elementor-element elementor-element-1b07080 elementor-align-left elementor-hidden-phone cstm-btn elementor-widget elementor-widget-button\" data-id=\"1b07080\" data-element_type=\"widget\" data-widget_type=\"button.default\">\n\t\t\t\t<div class=\"elementor-widget-container\">\n\t\t\t\t\t<div class=\"elementor-button-wrapper\">\n\t\t\t<a class=\"elementor-button elementor-button-link elementor-size-md\" href=\"https:\/\/himero.io\/no\/checkout\/\">\n\t\t\t\t\t\t<span class=\"elementor-button-content-wrapper\">\n\t\t\t\t\t\t<span class=\"elementor-button-icon\">\n\t\t\t\t<svg aria-hidden=\"true\" class=\"e-font-icon-svg e-fas-long-arrow-alt-right\" viewBox=\"0 0 448 512\" xmlns=\"http:\/\/www.w3.org\/2000\/svg\"><path d=\"M313.941 216H12c-6.627 0-12 5.373-12 12v56c0 6.627 5.373 12 12 12h301.941v46.059c0 21.382 25.851 32.09 40.971 16.971l86.059-86.059c9.373-9.373 9.373-24.569 0-33.941l-86.059-86.059c-15.119-15.119-40.971-4.411-40.971 16.971V216z\"><\/path><\/svg>\t\t\t<\/span>\n\t\t\t\t\t\t\t\t\t<span class=\"elementor-button-text\">Kj\u00f8p n\u00e5<\/span>\n\t\t\t\t\t<\/span>\n\t\t\t\t\t<\/a>\n\t\t<\/div>\n\t\t\t\t<\/div>\n\t\t\t\t<\/div>\n\t\t\t\t<\/div>\n\t\t<div class=\"elementor-element elementor-element-6d7c508 e-con-full e-flex e-con e-child\" data-id=\"6d7c508\" data-element_type=\"container\">\n\t\t\t\t<div class=\"elementor-element elementor-element-160a46c elementor-widget elementor-widget-image\" data-id=\"160a46c\" data-element_type=\"widget\" data-widget_type=\"image.default\">\n\t\t\t\t<div class=\"elementor-widget-container\">\n\t\t\t\t\t\t\t\t\t\t\t\t\t<img fetchpriority=\"high\" decoding=\"async\" width=\"261\" height=\"506\" src=\"https:\/\/himero.io\/wp-content\/uploads\/2024\/03\/himero-prod.png\" class=\"attachment-large size-large wp-image-1231\" alt=\"\" srcset=\"https:\/\/himero.io\/wp-content\/uploads\/2024\/03\/himero-prod.png 261w, https:\/\/himero.io\/wp-content\/uploads\/2024\/03\/himero-prod-155x300.png 155w\" sizes=\"(max-width: 261px) 100vw, 261px\" \/>\t\t\t\t\t\t\t\t\t\t\t\t\t<\/div>\n\t\t\t\t<\/div>\n\t\t\t\t<\/div>\n\t\t\t\t\t<\/div>\n\t\t\t\t<\/div>\n\t\t<div class=\"elementor-element elementor-element-7f20956 e-flex e-con-boxed e-con e-parent\" data-id=\"7f20956\" data-element_type=\"container\" data-settings=\"{&quot;background_background&quot;:&quot;classic&quot;}\">\n\t\t\t\t\t<div class=\"e-con-inner\">\n\t\t<div class=\"elementor-element elementor-element-4086598 e-flex e-con-boxed e-con e-child\" data-id=\"4086598\" data-element_type=\"container\">\n\t\t\t\t\t<div class=\"e-con-inner\">\n\t\t\t\t<div class=\"elementor-element elementor-element-7f6c5e8 elementor-widget elementor-widget-text-editor\" data-id=\"7f6c5e8\" data-element_type=\"widget\" data-widget_type=\"text-editor.default\">\n\t\t\t\t<div class=\"elementor-widget-container\">\n\t\t\t\t\t\t\t<p>Individuelle resultater kan variere, og det hevdes ikke at anbefalingene gjenspeiler typiske resultater. Alle attester er fra virkelige deltakere, og gjenspeiler kanskje ikke opplevelsen til den typiske kj\u00f8peren, og er ikke ment \u00e5 representere eller garantere at noen vil oppn\u00e5 de samme eller lignende resultater.<\/p>\n\t\t\t\t\t\t<\/div>\n\t\t\t\t<\/div>\n\t\t\t\t<div class=\"elementor-element elementor-element-d941c1c elementor-widget elementor-widget-text-editor\" data-id=\"d941c1c\" data-element_type=\"widget\" data-widget_type=\"text-editor.default\">\n\t\t\t\t<div class=\"elementor-widget-container\">\n\t\t\t\t\t\t\t<p>Hver person har unike erfaringer, treningsvaner og matvaner, og bruker informasjonen forskjellig. Dette er ikke en erstatning for medisinsk r\u00e5dgivning. R\u00e5df\u00f8r deg med lege f\u00f8r du starter et trenings- eller kostholdsprogram.<\/p>\n\t\t\t\t\t\t<\/div>\n\t\t\t\t<\/div>\n\t\t\t\t\t<\/div>\n\t\t\t\t<\/div>\n\t\t\t\t\t<\/div>\n\t\t\t\t<\/div>\n\t\t\t\t<\/div>\n\t\t","protected":false},"excerpt":{"rendered":"<p>Ingredienser Ingredienser Trippel ytelsesmiks % NRV. L-arginin 250 mg Tribulus Terrestris-ekstrakt 1500 mg ** Maca-rotekstrakt 600 mg ** Koreansk ginsengekstrakt 350 mg ** * Prosent av referanseverdi etter ** Nei anbefaling tilgjengelig Vedlegg Kj\u00f8p n\u00e5 Individuelle resultater kan variere, og det hevdes ikke at anbefalingene gjenspeiler typiske resultater. Alle attester er fra virkelige deltakere, og [&hellip;]<\/p>\n","protected":false},"author":1,"featured_media":0,"parent":0,"menu_order":0,"comment_status":"closed","ping_status":"closed","template":"elementor_header_footer","meta":{"_acf_changed":false,"footnotes":""},"class_list":["post-3642","page","type-page","status-publish","hentry"],"acf":[],"_links":{"self":[{"href":"https:\/\/himero.io\/no\/wp-json\/wp\/v2\/pages\/3642","targetHints":{"allow":["GET"]}}],"collection":[{"href":"https:\/\/himero.io\/no\/wp-json\/wp\/v2\/pages"}],"about":[{"href":"https:\/\/himero.io\/no\/wp-json\/wp\/v2\/types\/page"}],"author":[{"embeddable":true,"href":"https:\/\/himero.io\/no\/wp-json\/wp\/v2\/users\/1"}],"replies":[{"embeddable":true,"href":"https:\/\/himero.io\/no\/wp-json\/wp\/v2\/comments?post=3642"}],"version-history":[{"count":7,"href":"https:\/\/himero.io\/no\/wp-json\/wp\/v2\/pages\/3642\/revisions"}],"predecessor-version":[{"id":4237,"href":"https:\/\/himero.io\/no\/wp-json\/wp\/v2\/pages\/3642\/revisions\/4237"}],"wp:attachment":[{"href":"https:\/\/himero.io\/no\/wp-json\/wp\/v2\/media?parent=3642"}],"curies":[{"name":"wp","href":"https:\/\/api.w.org\/{rel}","templated":true}]}}