{"id":3662,"date":"2024-04-23T09:48:45","date_gmt":"2024-04-23T09:48:45","guid":{"rendered":"https:\/\/himero.io\/retningslinjer-for-personvern\/"},"modified":"2026-01-09T11:01:47","modified_gmt":"2026-01-09T11:01:47","slug":"retningslinjer-for-personvern","status":"publish","type":"page","link":"https:\/\/himero.io\/no\/retningslinjer-for-personvern\/","title":{"rendered":"Retningslinjer for personvern"},"content":{"rendered":"\t\t<div data-elementor-type=\"wp-page\" data-elementor-id=\"3662\" class=\"elementor elementor-3662 elementor-1913\" data-elementor-post-type=\"page\">\n\t\t\t\t<div class=\"elementor-element elementor-element-facf8aa e-con-full e-flex e-con e-parent\" data-id=\"facf8aa\" data-element_type=\"container\">\n\t\t<div class=\"elementor-element elementor-element-d5f2f3e innertop-banner-sctn e-flex e-con-boxed e-con e-child\" data-id=\"d5f2f3e\" data-element_type=\"container\" data-settings=\"{&quot;background_background&quot;:&quot;gradient&quot;}\">\n\t\t\t\t\t<div class=\"e-con-inner\">\n\t\t<div class=\"elementor-element elementor-element-effe098 e-con-full e-flex e-con e-child\" data-id=\"effe098\" data-element_type=\"container\">\n\t\t\t\t<div class=\"elementor-element elementor-element-5bf23cc elementor-widget elementor-widget-heading\" data-id=\"5bf23cc\" data-element_type=\"widget\" data-widget_type=\"heading.default\">\n\t\t\t\t<div class=\"elementor-widget-container\">\n\t\t\t<h1 class=\"elementor-heading-title elementor-size-default\">Retningslinjer for personvern<\/h1>\t\t<\/div>\n\t\t\t\t<\/div>\n\t\t\t\t<\/div>\n\t\t\t\t\t<\/div>\n\t\t\t\t<\/div>\n\t\t\t\t<\/div>\n\t\t<div class=\"elementor-element elementor-element-27a8830 e-flex e-con-boxed e-con e-parent\" data-id=\"27a8830\" data-element_type=\"container\">\n\t\t\t\t\t<div class=\"e-con-inner\">\n\t\t\t\t<div class=\"elementor-element elementor-element-10db339 gernal-content elementor-widget elementor-widget-text-editor\" data-id=\"10db339\" data-element_type=\"widget\" data-widget_type=\"text-editor.default\">\n\t\t\t\t<div class=\"elementor-widget-container\">\n\t\t\t\t\t\t\tDet ansvarlige organet i henhold til personvernlovgivningen, s\u00e6rlig EUs personvernforordning (GDPR), er\n<p data-prosemirror-content-type=\"node\" data-prosemirror-node-name=\"paragraph\" data-prosemirror-node-block=\"true\" data-pm-slice=\"1 1 []\">FitSmart B.V.<br data-prosemirror-content-type=\"node\" data-prosemirror-node-name=\"hardBreak\" data-prosemirror-node-inline=\"true\" \/>Stadhouderskade 5<br data-prosemirror-content-type=\"node\" data-prosemirror-node-name=\"hardBreak\" data-prosemirror-node-inline=\"true\" \/>1054 ES Amsterdam<br data-prosemirror-content-type=\"node\" data-prosemirror-node-name=\"hardBreak\" data-prosemirror-node-inline=\"true\" \/>The Netherlands<\/p>\nMail: <a href=\"mailto:service@leaderoo.com\">service@leaderoo.com<\/a>\n\nDine rettigheter som registrert\nDu kan n\u00e5r som helst ut\u00f8ve f\u00f8lgende rettigheter ved \u00e5 bruke kontaktopplysningene som er oppgitt:\n<ul>\n \t<li>Informasjon om opplysningene dine som er lagret hos oss og behandlingen av dem,<\/li>\n \t<li>Retting av feilaktige personopplysninger,<\/li>\n \t<li>Sletting av opplysningene dine som er lagret hos oss,<\/li>\n \t<li>Begrensning av databehandling, i den grad vi behandler opplysningene dine p\u00e5 grunn av\nenn\u00e5 ikke er slettet p\u00e5 grunn av juridiske forpliktelser,<\/li>\n \t<li data-wpmeteor-wheel=\"true\">Innsigelse mot v\u00e5r behandling av opplysningene dine og<\/li>\n \t<li>Dataportabilitet, hvis du har samtykket til databehandlingen\neller har inng\u00e5tt en kontrakt med oss.<\/li>\n<\/ul>\nHvis du har gitt oss ditt samtykke, kan du n\u00e5r som helst tilbakekalle det med virkning for fremtiden.\nfor fremtiden.\n\nDu kan n\u00e5r som helst kontakte den personen som er ansvarlig for deg, med en klage.\ntilsynsmyndighet. Din kompetente tilsynsmyndighet er basert p\u00e5\nBostedsstat, arbeidssted eller mistenkt skade. En\nDu finner en liste over tilsynsmyndigheter (for ikke-offentlig sektor) med adresser\nunder:\n<a href=\"https:\/\/www.bfdi.bund.de\/DE\/Infothek\/Anschriften_Links\/anschriften_links-node.html.\">https:\/\/www.bfdi.bund.de\/DE\/Infothek\/Anschriften_Links\/anschriften_links-node.html.<\/a>\nForm\u00e5lene med den behandlingsansvarliges og tredjeparters behandling av opplysninger\nVi behandler personopplysningene dine kun for de form\u00e5lene som er beskrevet i denne\nform\u00e5l som er nevnt i personvernerkl\u00e6ringen. Overf\u00f8ring av personopplysningene dine\ntil tredjeparter for andre form\u00e5l enn de som er nevnt. Vi gir din\npersonopplysninger til tredjeparter bare hvis:\n<ul>\n \t<li>du har gitt ditt uttrykkelige samtykke,<\/li>\n \t<li>behandlingen er n\u00f8dvendig for \u00e5 oppfylle en avtale med deg,<\/li>\n \t<li>behandlingen er n\u00f8dvendig for \u00e5 oppfylle en rettslig forpliktelse, behandlingen er n\u00f8dvendig for form\u00e5l knyttet til den behandlingsansvarliges berettigede interesser, og det er ingen grunn til \u00e5 anta at du har en overordnet berettiget interesse i behandlingen.\nikke \u00e5 utlevere opplysningene dine.<\/li>\n<\/ul>\n<h3><strong>Sletting eller blokkering av data<\/strong><\/h3>\nVi f\u00f8lger prinsippene om dataunng\u00e5else og data\u00f8konomi. Vi lagrer derfor bare personopplysningene dine s\u00e5 lenge det er n\u00f8dvendig for \u00e5 oppn\u00e5 de form\u00e5lene som er angitt her, eller s\u00e5 lenge loven krever det.\ns\u00f8rger for ulike lagringsperioder. Etter at det aktuelle form\u00e5let har opph\u00f8rt \u00e5 eksistere eller disse periodene har utl\u00f8pt, vil de tilsvarende opplysningene rutinemessig bli blokkert eller slettet i henhold til lovbestemmelsene.\n<h3><strong>Innsamling av generell informasjon n\u00e5r du bes\u00f8ker nettstedet v\u00e5rt<\/strong><\/h3>\nN\u00e5r du g\u00e5r inn p\u00e5 nettstedet v\u00e5rt, samles det automatisk inn informasjon av generell karakter ved hjelp av en informasjonskapsel. Denne informasjonen (serverloggfiler) omfatter for eksempel type nettleser, operativsystemet som brukes, domenenavnet til Internett-leverand\u00f8ren din og lignende. Dette er utelukkende informasjon som ikke gj\u00f8r det mulig \u00e5 trekke noen konklusjoner om din person.\n\nDenne informasjonen er teknisk n\u00f8dvendig for \u00e5 kunne levere det innholdet p\u00e5 nettstedet du ber om, og er obligatorisk n\u00e5r du bruker Internett. De behandles s\u00e6rlig for f\u00f8lgende form\u00e5l:\n<ul>\n \t<li>Sikrer en problemfri tilkobling til nettstedet,<\/li>\n \t<li>Sikre en problemfri bruk av nettstedet v\u00e5rt,<\/li>\n \t<li>Evaluering av systemets sikkerhet og stabilitet og<\/li>\n \t<li>for andre administrative form\u00e5l.<\/li>\n<\/ul>\nBehandlingen av personopplysningene dine er basert p\u00e5 v\u00e5r berettigede interesse ut fra de ovennevnte form\u00e5lene for datainnsamlingen. Vi bruker ikke opplysningene dine til \u00e5 trekke konklusjoner om din person. Mottakerne av opplysningene er kun den behandlingsansvarlige og eventuelt databehandleren.\n\nAnonyme opplysninger av denne typen kan bli behandlet av oss. statistisk evaluert for \u00e5 optimalisere nettstedet v\u00e5rt og teknologien bak det.\n<h3><strong>Informasjonskapsler<\/strong><\/h3>\nI likhet med mange andre nettsteder bruker vi ogs\u00e5 s\u00e5kalte &laquo;informasjonskapsler&raquo;. Informasjonskapsler er sm\u00e5 tekstfiler som overf\u00f8res fra en nettserver til harddisken din. Dette gir oss automatisk visse data, for eksempel IP-adresse, nettleser, operativsystem og din tilkobling til Internett.\n\nInformasjonskapsler kan ikke brukes til \u00e5 starte programmer eller overf\u00f8re virus til en datamaskin. Ved hjelp av informasjonen i informasjonskapslene kan vi gj\u00f8re navigeringen enklere for deg og s\u00f8rge for at nettsidene v\u00e5re vises p\u00e5 riktig m\u00e5te.\n\nInformasjonskapsler kan ikke brukes til \u00e5 starte programmer eller overf\u00f8re virus til en datamaskin. Ved hjelp av informasjonen i informasjonskapslene kan vi gj\u00f8re navigeringen enklere for deg og s\u00f8rge for at nettsidene v\u00e5re vises p\u00e5 riktig m\u00e5te.\n\nDu kan selvf\u00f8lgelig ogs\u00e5 se nettstedet v\u00e5rt uten informasjonskapsler. Nettlesere er vanligvis innstilt p\u00e5 \u00e5 godta informasjonskapsler. Generelt kan du n\u00e5r som helst deaktivere bruken av informasjonskapsler via innstillingene\ni nettleseren din. Bruk hjelpefunksjonene i nettleseren din for \u00e5 finne ut hvordan du endrer disse innstillingene. V\u00e6r oppmerksom p\u00e5 at enkelte funksjoner p\u00e5 nettstedet v\u00e5rt kanskje ikke er\nfungerer hvis du har deaktivert bruken av informasjonskapsler.\n<h3><strong>Registrering p\u00e5 v\u00e5re nettsider<\/strong><\/h3>\nN\u00e5r du registrerer deg for bruk av v\u00e5re persontilpassede tjenester, samles det inn personopplysninger som navn, adresse, kontakt- og kommunikasjonsdata som telefonnummer og e-postadresse. Er du med oss\nregistrert, f\u00e5r du tilgang til innhold og tjenester som vi kun tilbyr til registrerte brukere. Registrerte brukere har ogs\u00e5 mulighet til n\u00e5r som helst \u00e5 endre eller slette de opplysningene som oppgis under registreringen.\nVi vil selvf\u00f8lgelig ogs\u00e5 n\u00e5r som helst gi deg informasjon om de personopplysningene vi har lagret om deg. Vi vil ogs\u00e5 gjerne korrigere eller slette disse p\u00e5 foresp\u00f8rsel fra deg, forutsatt at det ikke foreligger noen lovbestemte oppbevaringsplikter som tilsier noe annet. For \u00e5 kontakte oss i denne sammenhengen, vennligst bruk\np\u00e5 slutten av denne personvernerkl\u00e6ringen.\n<h3><strong>Kommentarfunksjon<\/strong><\/h3>\nN\u00e5r brukere legger igjen kommentarer p\u00e5 nettstedet v\u00e5rt, lagres i tillegg til denne informasjonen ogs\u00e5 tidspunktet for opprettelsen av kommentarene og brukernavnet som den bes\u00f8kende tidligere har valgt. Dette er av hensyn til v\u00e5r sikkerhet, ettersom vi kan bli straffeforfulgt for ulovlig innhold p\u00e5 nettstedet v\u00e5rt, selv om det er opprettet av brukere.\n<h3><strong>SSL-kryptering<\/strong><\/h3>\nFor \u00e5 beskytte sikkerheten til dataene dine under overf\u00f8ring, bruker vi toppmoderne krypteringsmetoder (f.eks. SSL) via HTTPS.\n<h3><strong>Nyhetsbrev<\/strong><\/h3>\nP\u00e5 grunnlag av ditt uttrykkelige samtykke vil vi regelmessig sende deg v\u00e5rt nyhetsbrev eller lignende informasjon via e-post til den e-postadressen du har oppgitt.\n\nFor \u00e5 motta nyhetsbrevet er det tilstrekkelig \u00e5 oppgi e-postadressen din. N\u00e5r du registrerer deg for \u00e5 motta nyhetsbrevet v\u00e5rt, vil opplysningene du oppgir, utelukkende bli brukt til dette form\u00e5let. Abonnenter kan ogs\u00e5 abonnere via\nbli informert via e-post om forhold som er relevante for tjenesten eller registreringen (for eksempel endringer i tilbudet av nyhetsbrev eller tekniske forhold).\n\nVi krever en gyldig e-postadresse for effektiv registrering. Vi bruker &laquo;double opt-in&raquo;-prosedyren for \u00e5 kontrollere at en registrering faktisk er foretatt av eieren av en e-postadresse. For dette form\u00e5let logger vi\nBestilling av nyhetsbrevet, utsendelse av bekreftelses-e-post og mottak av svar p\u00e5 foresp\u00f8rselen. Ingen ytterligere data samles inn. Opplysningene vil utelukkende bli brukt til \u00e5 sende ut nyhetsbrevet og vil ikke bli gitt videre til tredjeparter.\n\nDu kan n\u00e5r som helst trekke tilbake ditt samtykke til lagring av personopplysningene dine og bruk av dem til utsendelse av nyhetsbrev. Det finnes en tilsvarende lenke i hvert nyhetsbrev. Du kan ogs\u00e5 n\u00e5r som helst kontakte oss direkte p\u00e5\nav dette nettstedet eller informere oss om ditt \u00f8nske om \u00e5 gj\u00f8re det via kontaktalternativet som er oppgitt p\u00e5 slutten av denne personvernerkl\u00e6ringen.\n<h3><strong>Kontaktskjema<\/strong><\/h3>\nHvis du kontakter oss med sp\u00f8rsm\u00e5l av noe slag via e-post eller kontaktskjema, gir du oss ditt frivillige samtykke til at vi kan kontakte deg. En gyldig e-postadresse er n\u00f8dvendig for dette. Denne brukes til \u00e5 tilordne foresp\u00f8rselen og deretter besvare den. Det er valgfritt \u00e5 oppgi ytterligere data. Opplysningene du oppgir, lagres for \u00e5 kunne behandle foresp\u00f8rselen din og for eventuelle oppf\u00f8lgingssp\u00f8rsm\u00e5l. Etter at foresp\u00f8rselen din er behandlet, slettes personopplysningene dine automatisk.\n<h3><strong>Bruk av Google Analytics<\/strong><\/h3>\nDette nettstedet bruker Google Analytics, en nettanalysetjeneste levert av Google Inc. (heretter: Google). Google Analytics bruker &laquo;informasjonskapsler&raquo;, som er tekstfiler som plasseres p\u00e5 datamaskinen din, for \u00e5 hjelpe nettstedet med \u00e5 analysere hvordan brukerne bruker nettstedet.\nav deg. Informasjonen som genereres av informasjonskapselen om din bruk av dette nettstedet, overf\u00f8res vanligvis til en Google-server i USA og lagres der. P\u00e5 grunn av aktivering av IP-anonymisering\np\u00e5 disse nettstedene, vil IP-adressen din imidlertid bli lagret av Google i medlemslandene i EU eller i andre kontraherende stater i EU.\n\nAvtalen om Det europeiske \u00f8konomiske samarbeidsomr\u00e5de p\u00e5 forh\u00e5nd. Bare i unntakstilfeller vil hele IP-adressen bli overf\u00f8rt til en Google-server i USA og forkortet der. P\u00e5 vegne av operat\u00f8ren av dette nettstedet, Google\nbruke denne informasjonen til \u00e5 evaluere din bruk av nettstedet, utarbeide rapporter om nettstedsaktivitet og levere andre tjenester knyttet til nettstedsaktivitet og internettbruk til nettstedsoperat\u00f8ren. IP-adressen som overf\u00f8res av nettleseren din som en del av Google Analytics, vil ikke bli sl\u00e5tt sammen med andre Google-data.\n\nForm\u00e5let med databehandlingen er \u00e5 evaluere bruken av nettstedet og \u00e5 utarbeide rapporter om aktiviteter p\u00e5 nettstedet. Basert p\u00e5 bruken av nettstedet og Internett, vil ytterligere tilknyttede\ntjenester leveres. Behandlingen er basert p\u00e5 nettstedoperat\u00f8rens legitime interesse.\n\nDu kan nekte bruk av informasjonskapsler ved \u00e5 velge de riktige innstillingene i nettleseren din, men v\u00e6r oppmerksom p\u00e5 at hvis du gj\u00f8r dette, kan det hende at du ikke kan bruke alle funksjonene p\u00e5 dette nettstedet fullt ut.\nkan bruke. Du kan ogs\u00e5 hindre Google i \u00e5 samle inn dataene som genereres av informasjonskapselen og som er relatert til din bruk av nettstedet (inkludert IP-adressen din) og i \u00e5 behandle disse dataene av Google ved \u00e5 aktivere\nfor \u00e5 laste ned og installere nettleser-plugin-modulen som er tilgjengelig under f\u00f8lgende lenke:\n<a href=\"https:\/\/tools.google.com\/dlpage\/gaoptout?hl=de\">Nettlesertillegg for \u00e5 deaktivere Google Analytics.<\/a>\n\nI tillegg eller som et alternativ til nettlesertillegget kan du forhindre sporing av Google Analytics p\u00e5 v\u00e5re sider ved \u00e5 <a href=\"https:\/\/www.perfect-you24.com\/datenschutz\">klikke p\u00e5 denne lenken<\/a>. En informasjonskapsel for fravalg vil bli installert p\u00e5 enheten din. Dette betyr at innspillingen\nav Google Analytics for dette nettstedet og for denne nettleseren i fremtiden, s\u00e5 lenge informasjonskapselen forblir installert i nettleseren din.\n<h3><strong>Bruk av skriptbiblioteker (Google Webfonts)<\/strong><\/h3>\nVi bruker skriptbiblioteker og fontbiblioteker som Google Web Fonts (<a href=\"https:\/\/fonts.google.com\/\">https:\/\/www.google.com\/webfonts\/)<\/a> p\u00e5 dette nettstedet for \u00e5 kunne vise innholdet v\u00e5rt korrekt og grafisk tiltalende i alle nettlesere. Googles nettfonter overf\u00f8res til hurtigbufferen i nettleseren din for \u00e5 unng\u00e5 at de lastes inn flere ganger. Hvis nettleseren ikke st\u00f8tter Google Web Fonts eller forhindrer tilgang, vises innholdet i en standard skrifttype.\n\nN\u00e5r du kaller opp skriptbiblioteker eller skriftbiblioteker, utl\u00f8ses det automatisk en forbindelse til bibliotekoperat\u00f8ren. Det er teoretisk mulig &#8211; men forel\u00f8pig ogs\u00e5 uklart om, og i s\u00e5 fall til hvilke form\u00e5l &#8211; at operat\u00f8rene\nsamle inn data fra de relevante bibliotekene. Personvernerkl\u00e6ringen til bibliotekoperat\u00f8ren Google finner du her:\n<a href=\"https:\/\/policies.google.com\/privacy\">https:\/\/www.google.com\/policies\/privacy\/<\/a>\n<h3><strong>Bruk av Google Map<\/strong><\/h3>\nDette nettstedet bruker Google Maps API for \u00e5 vise geografisk informasjon visuelt. N\u00e5r du bruker Google Maps, samler Google ogs\u00e5 inn, behandler og bruker data om de bes\u00f8kendes bruk av kartfunksjonene.\nDu finner mer informasjon om Googles databehandling i Googles <a href=\"https:\/\/policies.google.com\/privacy\">personvernerkl\u00e6ring<\/a>. Du kan ogs\u00e5 endre dine personlige personverninnstillinger i databeskyttelsessenteret\n\nDetaljerte instruksjoner om hvordan du administrerer dine egne data i forbindelse med Google-produkter, finner du <a href=\"https:\/\/support.google.com\/accounts\/answer\/3024190\">her<\/a>.\n<h3><strong>Google AdWords<\/strong><\/h3>\nNettstedet v\u00e5rt bruker Google Conversion Tracking. Hvis du har kommet til nettstedet v\u00e5rt via en annonse som er plassert av Google, vil Google Adwords plassere en informasjonskapsel p\u00e5 datamaskinen din. Informasjonskapselen for konverteringssporing er\nsettes n\u00e5r en bruker klikker p\u00e5 en annonse som er plassert av Google. Disse informasjonskapslene mister sin gyldighet etter 30 dager og brukes ikke til personlig identifikasjon. Hvis brukeren bes\u00f8ker visse sider p\u00e5 nettstedet v\u00e5rt og informasjonskapselen\nenn\u00e5 ikke er utl\u00f8pt, kan vi og Google gjenkjenne at brukeren har klikket p\u00e5 annonsen og blitt omdirigert til denne siden. Hver Google AdWords-kunde mottar en egen informasjonskapsel. Informasjonskapsler kan derfor ikke lagres via\nnettsteder til AdWords-kunder kan spores. Informasjonen som samles inn ved hjelp av konverteringsinformasjonskapselen, brukes til \u00e5 generere konverteringsstatistikk for AdWords-kunder som har valgt konverteringssporing. Den\nKundene finner ut det totale antallet brukere som har klikket p\u00e5 annonsen deres og blitt omdirigert til en side med en tagg for konverteringssporing. De mottar imidlertid ingen informasjon som gj\u00f8r det mulig \u00e5 identifisere brukerne personlig\ng\u00e5.\n\nHvis du ikke \u00f8nsker \u00e5 delta i sporing, kan du nekte \u00e5 sette en informasjonskapsel som er n\u00f8dvendig for dette &#8211; for eksempel ved \u00e5 stille inn nettleseren din til \u00e5 generelt deaktivere automatisk innstilling av informasjonskapsler eller til \u00e5 stille inn nettleseren din slik at informasjonskapsler blir blokkert av\nDomenet &laquo;googleleadservices.com&raquo; skal blokkeres\n\nV\u00e6r oppmerksom p\u00e5 at du ikke kan slette opt-out-informasjonskapslene s\u00e5 lenge du ikke \u00f8nsker at det skal registreres m\u00e5ledata. Hvis du har slettet alle informasjonskapslene dine i nettleseren, m\u00e5 du angi den aktuelle opt-out-informasjonskapselen p\u00e5 nytt.\n<h3><strong>Bruk av Google Remarketing<\/strong><\/h3>\nDette nettstedet bruker remarketingfunksjonen til Google Inc. Denne funksjonen brukes til \u00e5 presentere interessebaserte annonser for bes\u00f8kende p\u00e5 nettstedet i Googles annonsenettverk. En s\u00e5kalt &laquo;informasjonskapsel&raquo; lagres i nettleseren til den bes\u00f8kende p\u00e5 nettstedet, noe som gj\u00f8r det mulig \u00e5 gjenkjenne den bes\u00f8kende n\u00e5r han eller hun g\u00e5r inn p\u00e5 nettsteder som tilh\u00f8rer annonsenettverket.\ntilh\u00f8rer Google. P\u00e5 disse sidene kan den bes\u00f8kende bli presentert for annonser som er relatert til innhold som den bes\u00f8kende tidligere har bes\u00f8kt p\u00e5 nettsteder som bruker Googles remarketingfunksjon.\n\nIf\u00f8lge egen informasjon samler Google ikke inn noen personopplysninger under denne prosessen. Hvis du ikke \u00f8nsker \u00e5 bruke Googles remarketingfunksjon, kan du imidlertid alltid deaktivere den ved \u00e5 klikke p\u00e5 den tilsvarende\nForeta innstillinger p\u00e5 <a href=\"https:\/\/www.google.com\/settings\/ads\">http:\/\/www.google.com\/settings\/ads.<\/a> Alternativt kan du deaktivere bruken av informasjonskapsler for interessebasert annonsering via annonsenettverksinitiativet ved \u00e5 f\u00f8lge instruksjonene p\u00e5 <a href=\"https:\/\/thenai.org\/opt-out\/\">http:\/\/www.networkadvertising.org\/managing\/opt_out.asp.<\/a>\n<h3><strong>Endringer i personvernerkl\u00e6ringen v\u00e5r<\/strong><\/h3>\nVi forbeholder oss retten til \u00e5 tilpasse denne personvernerkl\u00e6ringen slik at den til enhver tid er i samsvar med gjeldende lovkrav, eller til \u00e5 implementere endringer i v\u00e5re tjenester i personvernerkl\u00e6ringen, f.eks. ved innf\u00f8ring av nye tjenester. Den nye personvernerkl\u00e6ringen vil da gjelde for ditt neste bes\u00f8k.\n<h3><strong>Sp\u00f8rsm\u00e5l til personvernombudet<\/strong><\/h3>\nHvis du har sp\u00f8rsm\u00e5l om personvern, kan du sende oss en e-post: <a href=\"mailto:service@leaderoo.com\">service@leaderoo.com<\/a>\t\t\t\t\t\t<\/div>\n\t\t\t\t<\/div>\n\t\t\t\t\t<\/div>\n\t\t\t\t<\/div>\n\t\t\t\t<\/div>\n\t\t","protected":false},"excerpt":{"rendered":"<p>Retningslinjer for personvern Det ansvarlige organet i henhold til personvernlovgivningen, s\u00e6rlig EUs personvernforordning (GDPR), er FitSmart B.V.Stadhouderskade 51054 ES AmsterdamThe Netherlands Mail: service@leaderoo.com Dine rettigheter som registrert Du kan n\u00e5r som helst ut\u00f8ve f\u00f8lgende rettigheter ved \u00e5 bruke kontaktopplysningene som er oppgitt: Informasjon om opplysningene dine som er lagret hos oss og behandlingen av dem, [&hellip;]<\/p>\n","protected":false},"author":1,"featured_media":0,"parent":0,"menu_order":0,"comment_status":"closed","ping_status":"closed","template":"elementor_header_footer","meta":{"_acf_changed":false,"footnotes":""},"class_list":["post-3662","page","type-page","status-publish","hentry"],"acf":[],"_links":{"self":[{"href":"https:\/\/himero.io\/no\/wp-json\/wp\/v2\/pages\/3662","targetHints":{"allow":["GET"]}}],"collection":[{"href":"https:\/\/himero.io\/no\/wp-json\/wp\/v2\/pages"}],"about":[{"href":"https:\/\/himero.io\/no\/wp-json\/wp\/v2\/types\/page"}],"author":[{"embeddable":true,"href":"https:\/\/himero.io\/no\/wp-json\/wp\/v2\/users\/1"}],"replies":[{"embeddable":true,"href":"https:\/\/himero.io\/no\/wp-json\/wp\/v2\/comments?post=3662"}],"version-history":[{"count":7,"href":"https:\/\/himero.io\/no\/wp-json\/wp\/v2\/pages\/3662\/revisions"}],"predecessor-version":[{"id":2017955,"href":"https:\/\/himero.io\/no\/wp-json\/wp\/v2\/pages\/3662\/revisions\/2017955"}],"wp:attachment":[{"href":"https:\/\/himero.io\/no\/wp-json\/wp\/v2\/media?parent=3662"}],"curies":[{"name":"wp","href":"https:\/\/api.w.org\/{rel}","templated":true}]}}