{"id":3682,"date":"2024-04-23T09:21:59","date_gmt":"2024-04-23T09:21:59","guid":{"rendered":"https:\/\/himero.io\/vilkar-og-betingelser\/"},"modified":"2026-01-09T10:39:09","modified_gmt":"2026-01-09T10:39:09","slug":"vilkar-og-betingelser","status":"publish","type":"page","link":"https:\/\/himero.io\/no\/vilkar-og-betingelser\/","title":{"rendered":"Vilk\u00e5r og betingelser"},"content":{"rendered":"\t\t<div data-elementor-type=\"wp-page\" data-elementor-id=\"3682\" class=\"elementor elementor-3682 elementor-1879\" data-elementor-post-type=\"page\">\n\t\t\t\t<div class=\"elementor-element elementor-element-1d9106c1 e-con-full e-flex e-con e-parent\" data-id=\"1d9106c1\" data-element_type=\"container\">\n\t\t<div class=\"elementor-element elementor-element-7a7a0e2 innertop-banner-sctn e-flex e-con-boxed e-con e-child\" data-id=\"7a7a0e2\" data-element_type=\"container\" data-settings=\"{&quot;background_background&quot;:&quot;gradient&quot;}\">\n\t\t\t\t\t<div class=\"e-con-inner\">\n\t\t<div class=\"elementor-element elementor-element-e0a7e8b e-con-full e-flex e-con e-child\" data-id=\"e0a7e8b\" data-element_type=\"container\">\n\t\t\t\t<div class=\"elementor-element elementor-element-8ec0b82 elementor-widget elementor-widget-heading\" data-id=\"8ec0b82\" data-element_type=\"widget\" data-widget_type=\"heading.default\">\n\t\t\t\t<div class=\"elementor-widget-container\">\n\t\t\t<h1 class=\"elementor-heading-title elementor-size-default\">Vilk\u00e5r og betingelser<\/h1>\t\t<\/div>\n\t\t\t\t<\/div>\n\t\t\t\t<\/div>\n\t\t\t\t\t<\/div>\n\t\t\t\t<\/div>\n\t\t\t\t<\/div>\n\t\t<div class=\"elementor-element elementor-element-15bf3a4 e-flex e-con-boxed e-con e-parent\" data-id=\"15bf3a4\" data-element_type=\"container\">\n\t\t\t\t\t<div class=\"e-con-inner\">\n\t\t\t\t<div class=\"elementor-element elementor-element-b43dbf0 gernal-content elementor-widget elementor-widget-text-editor\" data-id=\"b43dbf0\" data-element_type=\"widget\" data-widget_type=\"text-editor.default\">\n\t\t\t\t<div class=\"elementor-widget-container\">\n\t\t\t\t\t\t\t<h3 class=\"wp-block-heading\">1 Kontraktspartner<\/h3>\n<p data-prosemirror-content-type=\"node\" data-prosemirror-node-name=\"paragraph\" data-prosemirror-node-block=\"true\" data-pm-slice=\"1 1 []\">FitSmart B.V.<br data-prosemirror-content-type=\"node\" data-prosemirror-node-name=\"hardBreak\" data-prosemirror-node-inline=\"true\" \/>Stadhouderskade 5<br data-prosemirror-content-type=\"node\" data-prosemirror-node-name=\"hardBreak\" data-prosemirror-node-inline=\"true\" \/>1054 ES Amsterdam<br data-prosemirror-content-type=\"node\" data-prosemirror-node-name=\"hardBreak\" data-prosemirror-node-inline=\"true\" \/>The Netherlands<\/p>\nKalles kontraktspartner i den f\u00f8lgende teksten.\n<h3 class=\"wp-block-heading\">2 Generelt, anvendelsesomr\u00e5de<\/h3>\nAlle tjenester som kontraktspartneren leverer til kunden, skal utf\u00f8res\nutelukkende p\u00e5 grunnlag av f\u00f8lgende generelle vilk\u00e5r og betingelser. Avvikende bestemmelser gjelder bare i den utstrekning de er avtalt mellom avtalepartneren og kunden eller er uttrykkelig angitt i disse generelle vilk\u00e5rene.\n<h3 class=\"wp-block-heading\">3 Betaling, forfall, betalingsmislighold<\/h3>\n<ol>\n \t<li>Betaling for varene kan gj\u00f8res med kredittkort eller PayPal,\nUmiddelbar bankoverf\u00f8ring eller p\u00e5 konto. Kontraktspartneren forbeholder seg retten til \u00e5\n\u00e5 akseptere eller ekskludere visse betalingsm\u00e5ter i enkelttilfeller.<\/li>\n \t<li>Ved betaling med Paypal forplikter kunden seg til \u00e5 betale kj\u00f8pesummen etter\ninng\u00e5else av kontrakten uten forsinkelse.<\/li>\n \t<li>Dersom kunden er i betalingsmislighold, har han rett til enhver\nuaktsomhet. Han er ogs\u00e5 ansvarlig for tilfeldigheter som skyldes tjenesten, med mindre,\nat skaden ville ha oppst\u00e5tt selv om betalingen hadde skjedd i tide.<\/li>\n \t<li>Kj\u00f8pesummen skal forrentes i misligholdsperioden. Standard rentesats er\nfem prosentpoeng over basisrenten for \u00e5ret. For juridiske transaksjoner som involverer\nder en forbruker ikke er involvert, er renten \u00e5tte prosentpoeng h\u00f8yere enn\nbasisrenten.<\/li>\n \t<li>Det er ikke utelukket \u00e5 kreve ytterligere erstatning.<\/li>\n<\/ol>\n<h3 class=\"wp-block-heading\">4 Levering<\/h3>\n<ol>\n \t<li>Levering skal skje ved at varen sendes til den adressen kunden har oppgitt.\nAdresse. Leveringstiden er vanligvis 3-5 virkedager etter mottak av bestillingen.\nkj\u00f8pspris. Denne informasjonen er ikke bindende med mindre annet er avtalt.<\/li>\n \t<li>Leveransen vil bli foretatt mot\nEmballasje- og fraktkostnader. For leveranser til utlandet, med mindre annet er avtalt\nprisen for emballasje og frakt er angitt separat i henhold til vekt.\nberegnet. Hvis kunden ber om en spesiell type forsendelse som krever h\u00f8yere\nkostnader p\u00e5l\u00f8per, m\u00e5 han ogs\u00e5 b\u00e6re disse merkostnadene.<\/li>\n<\/ol>\n<h3 class=\"wp-block-heading\">5 Forbehold om eiendomsrett<\/h3>\nVarene forblir avtalepartnerens eiendom inntil full betaling er foretatt.\nPantsettelse, overf\u00f8ring av eiendomsrett ved sikkerhetsstillelse, bearbeiding, overf\u00f8ring av eierskap\neller redesign uten uttrykkelig samtykke fra avtalepartneren.\ntillatt.\n<h3 class=\"wp-block-heading\">6 Priser<\/h3>\n<ol>\n \t<li>Prisen som oppgis for v\u00e5re varer er den endelige prisen,\ninkludert eventuell merverdiavgift og andre priskomponenter. Den\nPrisen inkluderer ikke leverings- og fraktkostnader.<\/li>\n \t<li>Med oppdateringen av avtalepartnerens internettsider vil alle tidligere\nPriser og annen informasjon om varer er ugyldig.<\/li>\n \t<li>Prisen p\u00e5 faktureringstidspunktet skal v\u00e6re avgj\u00f8rende for faktureringen.\nTilbud fra kunden.<\/li>\n<\/ol>\n<h3 class=\"wp-block-heading\">7 Rett til tilbakekalling<\/h3>\n<ol>\n \t<li>Kontraktspartneren har ogs\u00e5 rett til \u00e5 trekke seg fra kontrakten med hensyn til en utest\u00e5ende\ndel av leveransen eller tjenesten dersom det gis uriktige opplysninger om leveransen eller tjenesten.\nkundens kredittverdighet eller objektive grunner vedr\u00f8rende kundens kredittverdighet er\nkundens betalingsevne, og kunden kan, p\u00e5 foresp\u00f8rsel fra\navtalepartner, verken betaler forskudd eller stiller med en passende\nsikkerhet eller hvis det \u00e5pnes insolvensbehandling mot kundens eiendeler.\neller det er innlevert en begj\u00e6ring om innledning av insolvensbehandling p\u00e5 grunn av manglende\neiendeler for \u00e5 dekke kostnadene.<\/li>\n \t<li>Uavhengig av kontraktspartnerens krav p\u00e5 erstatning, vil det i tilfelle av\ndelvis tilbaketrekking, skal allerede utf\u00f8rte deltjenester faktureres og betales i henhold til kontrakten.\nbetale.<\/li>\n<\/ol>\nAvbestillingsregler\nDu har rett til \u00e5 kansellere denne kontrakten innen fjorten dager uten \u00e5 oppgi noen grunn.\n\u00e5 tilbakekalle.\nAngreretten er fjorten dager:\n<ol>\n \t<li>Ved en kj\u00f8pekontrakt fra den dagen du eller en av dere\nen navngitt tredjepart som ikke er transport\u00f8ren, har overtatt godset\nhar eller har.<\/li>\n \t<li>N\u00e5r det gjelder en kontrakt for flere varer som skal leveres som en del av en\nble bestilt som en enkeltordre og som leveres separat fra\nden dagen du eller en tredjepart utpekt av deg, som ikke er den\ntransport\u00f8r, har tatt de siste varene i besittelse.<\/li>\n \t<li>N\u00e5r det gjelder en avtale om regelmessig levering av varer via en\nperiode fra den dagen du eller en av dine autoriserte\nnavngitt tredjepart, som ikke er transport\u00f8ren, tar det f\u00f8rste godset i besittelse.\nhar tatt eller har tatt.<\/li>\n<\/ol>\nFor \u00e5 ut\u00f8ve angreretten din m\u00e5 du informere avtalepartneren ved hjelp av en\ntydelig erkl\u00e6ring (f.eks. et brev sendt per post eller e-post) om din\ninformere oss om din beslutning om \u00e5 trekke deg fra denne kontrakten. Vennligst fyll ut\nf\u00f8lgende angrerettskjema og f\u00e5 det signert og sendt til oss per e-post\nsom kommer:\n\n&#8211; Eksempel p\u00e5 angrerettskjema &#8211; begynnelse\n\nTilbakekalling\n\nJeg\/vi (*) angrer herved p\u00e5 kontrakten som ble inng\u00e5tt av meg\/oss (*) for\nKj\u00f8p av f\u00f8lgende varer (*)\/levering av f\u00f8lgende tjeneste (*):\n__________________________\n____________________________________________________\n____________________________________________________\n\nBestillingsnummer \/ Order: ___________________________________\nBestilt den (*)\/mottatt den (*):\n__________________________________________\nNavn p\u00e5 forbruker(e):\n__________________________________________\nAdresse til forbrukeren(e):\n__________________________________________\n________________________________________\nUnderskrift av forbruker(e)\n\nDato: __________________________________\n\n(*) Stryk det som ikke passer.\n\n&#8211; Eksempel p\u00e5 angrerettskjema End-\n\nFor \u00e5 overholde angrefristen er det tilstrekkelig at du sender melding om ut\u00f8velse av angreretten f\u00f8r angrefristen er utl\u00f8pt.\n<h3 class=\"wp-block-heading\">Konsekvenser av tilbakekalling<\/h3>\nHvis du trekker deg fra denne avtalen, vil vi ha tilbakebetalt alle betalinger vi har mottatt fra deg.\ninkludert leveringskostnader (med unntak av tilleggskostnader,\nsom f\u00f8lge av at du har valgt en annen type leveranse enn den vi har tilbudt deg.\ntilbudt, gunstigste standardlevering), uten ugrunnet opphold og senest innen\ninnen fjorten dager fra den dagen du mottar varselet om at du har\ntilbakekalling av denne kontrakten er mottatt av oss. For denne tilbakebetalingen bruker du\nsamme betalingsmiddel som du brukte for den opprinnelige transaksjonen.\nhar, med mindre annet er uttrykkelig avtalt med deg; under ingen omstendigheter skal\nI dette tilfellet vil du bli belastet gebyrer for denne tilbakebetalingen\nVi kan nekte \u00e5 refundere pengene f\u00f8r vi har mottatt varene tilbake\neller til du har fremlagt bevis p\u00e5 at du har returnert varene.\navhengig av hvilket tidspunkt som er det tidligere.\nDu m\u00e5 returnere varene umiddelbart og under alle omstendigheter innen fjorten\ndager fra den dagen du informerer oss om tilbakekallingen av denne kontrakten til\nreturneres eller overleveres til avtalepartneren. Fristen er overholdt hvis\ndu sender varene f\u00f8r fristen p\u00e5 fjorten dager er utl\u00f8pt.\nRetur aksepteres kun dersom varene sendes tilbake portofritt.\nmed angivelse av navn, adresse, telefonnummer og ordrenummer.\nDu trenger bare \u00e5 betale for eventuelt verditap p\u00e5 varene hvis dette\nverditap til en for unders\u00f8kelse av tilstand, egenskaper og\nfunksjonalitet av varene er ikke n\u00f8dvendig h\u00e5ndtering med dem.\n<h3 class=\"wp-block-heading\">Utelukkelse av angreretten<\/h3>\nBestillinger av forseglede varer, f.eks. ogs\u00e5 kosttilskudd, som\nikke egnet for retur av hensyn til helsevern eller hygiene\nhvis forseglingen er fjernet etter levering eller fra varer som har v\u00e6rt\nikke er prefabrikkerte og for produksjon av hvilke et individuelt utvalg eller\nforbrukeren er avgj\u00f8rende, eller som tydelig henviser til forbrukerens\ner skreddersydd til forbrukerens personlige behov eller av varer som er\n\u00f8delegges raskt eller hvis utl\u00f8psdato raskt vil bli overskredet,\nkan ikke tilbakekalles.\n&#8211; Slutt p\u00e5 angreretten\n<h3 class=\"wp-block-heading\">8 Garanti<\/h3>\n<ol>\n \t<li>Dersom varen er mangelfull, har kunden rett til, som etterf\u00f8lgende oppfyllelse i henhold til hans\nvalg mellom utbedring av mangelen eller levering av en mangelfri vare\nettersp\u00f8rsel. Kontraktspartneren kan velge hvilken type etterf\u00f8lgende ytelse kunden \u00f8nsker.\nhvis dette bare er mulig til en uforholdsmessig h\u00f8y kostnad. Disse er\ns\u00e6rlig verdien av gjenstanden i mangelfri tilstand, betydningen av at den er\nmangel, og sp\u00f8rsm\u00e5let om den andre typen etterf\u00f8lgende ytelse kan v\u00e6re\nkunne brukes uten vesentlige ulemper for kj\u00f8peren. P\u00e5standen\nav kunden er i dette tilfellet begrenset til den andre typen etterf\u00f8lgende ytelse; den\nrett for kontraktspartneren til ogs\u00e5 \u00e5 kreve disse i henhold til vilk\u00e5rene i setning 1\nRetten til \u00e5 nekte bruk av varene forblir up\u00e5virket.<\/li>\n \t<li>Hvis varene allerede har v\u00e6rt brukt, kan slitasje eller\nfeilaktig bruk av varen etter tilbakelevering, er det konstatert en verdireduksjon.\nsom avregnes mot en refusjon av kj\u00f8pesummen.<\/li>\n \t<li>Hvis kj\u00f8pet er en kommersiell transaksjon for begge parter, m\u00e5 kunden\numiddelbart etter levering, i den grad dette er mulig i den ordin\u00e6re virksomheten.\ner gjennomf\u00f8rbart. Hvis en mangel blir \u00e5penbar, har han gitt oss dette\numiddelbart. Hvis kunden unnlater \u00e5 varsle oss, skal varene anses for \u00e5 v\u00e6re\ngodkjent, med mindre det dreier seg om en mangel som ikke har v\u00e6rt\nunders\u00f8kelsen var ikke gjenkjennelig. Hvis en slik mangel viser seg p\u00e5 et senere tidspunkt, kan\numiddelbart etter oppdagelsen; i motsatt fall skal varene anses for \u00e5 v\u00e6re\nskal ogs\u00e5 anses som godkjent i lys av denne mangelen. Disse bestemmelsene gjelder ikke,\nhvis mangelen ble skjult p\u00e5 en uredelig m\u00e5te. For \u00e5 bevare kundens rettigheter\nrettidig utsendelse av meldingen er tilstrekkelig.<\/li>\n \t<li>Hvis kontraktspartneren leverer en mangelfri vare med henblikk p\u00e5 etterf\u00f8lgende oppfyllelse,\nkan han kreve at kunden returnerer den mangelfulle varen.<\/li>\n \t<li>Skade for\u00e5rsaket av feilaktige eller ikke-kontraktsmessige tiltak fra kundens side,\nunder installasjon, tilkobling, drift eller lagring,\nikke utgj\u00f8r et krav mot avtaleparten. Det uhensiktsmessige og\nMangelen p\u00e5 samsvar avgj\u00f8res s\u00e6rlig av informasjonen fra produsenten av produktet.\nleverte varer.<\/li>\n<\/ol>\n<h3 class=\"wp-block-heading\">9 Begrensning av ansvar<\/h3>\n<ol>\n \t<li>For andre krav enn de som oppst\u00e5r som f\u00f8lge av skade p\u00e5 liv, legeme og helse\nKontraktspartneren er kun ansvarlig for skader i den utstrekning disse skyldes forsettlig eller uforsettlig skadeforvoldelse.\ngrov uaktsomhet eller klanderverdig mislighold av en vesentlig kontraktsforpliktelse.\nkontraktsforpliktelse av kontraktspartneren eller dennes medhjelpere. En\nEthvert ytterligere erstatningsansvar er utelukket. Den\nBestemmelsene i produktansvarsloven ber\u00f8res ikke av dette.<\/li>\n \t<li>I henhold til dagens teknologi kan datakommunikasjon via\nInternett kan ikke garanteres \u00e5 v\u00e6re feilfritt og\/eller tilgjengelig til enhver tid. Den\nAvtalepartneren er derfor ikke ansvarlig for at nettbutikken til enhver tid er tilgjengelig<\/li>\n<\/ol>\n<h3 class=\"wp-block-heading\">10 Beskyttelse av personopplysninger<\/h3>\nAlle personopplysninger som er n\u00f8dvendige for utf\u00f8relsen av bestillingen, lagres i\nlagres i maskinlesbar form og behandles konfidensielt. Opplysningene som kreves for behandling\ndata som kreves for en bestilling, for eksempel navn og adresse, lagres i\nUtf\u00f8relse av leveransen til den parten som har f\u00e5tt i oppdrag \u00e5 levere varene\nvidereformidlet til selskapet.\n<h3 class=\"wp-block-heading\">11 Sted for jurisdiksjon<\/h3>\nKontraktspartene er enige om at nederlandsk lov skal gjelde.\nVerneting for tvister som oppst\u00e5r i forbindelse med kontrakten er Amsterdam\nenig.\n<h3 class=\"wp-block-heading\">12 Klausul om opphevelse<\/h3>\nDersom noen av bestemmelsene i disse GTC er eller blir ugyldige eller ikke kan h\u00e5ndheves,\nskal de \u00f8vrige bestemmelsene i disse GTC forbli up\u00e5virket.\n<h3 class=\"wp-block-heading\">13 Tilbaketrekking fra kontrakten<\/h3>\nDersom en forbruker med rette trekker seg fra avtalen, kan en\nTilbakebetaling av kj\u00f8pekontrakten kun trinnvis mot tilbakelevering av varene som er levert av\nvarer mottatt av kj\u00f8peren. Forutsetningen for dette er at varene m\u00e5 v\u00e6re i originalemballasjen og\ner uskadet og originalfakturaen er vedlagt. N\u00e5r det gjelder artikler som er\ntegn p\u00e5 bruk er svekket eller emballasjen er skadet, skal en\npassende kompensasjon for verdireduksjonen. Kostnadene for\nReturer er for kj\u00f8pers regning.\nKlarna\nI samarbeid med\u00a0<a href=\"https:\/\/www.klarna.com\/de\/\">Klarna Bank AB (publ)<\/a>, Sveav\u00e4gen 46, 111 34 Stockholm,\nSverige tilbyr vi f\u00f8lgende betalingsalternativer. Betaling skjer i hvert enkelt tilfelle\ntil Klarna:\n<ul>\n \t<li>Faktura: Betalingsfristen er [14] dager fra utsendelse av varen\/billetten\/\neller, n\u00e5r det gjelder andre tjenester, levering av\nService. De fullstendige faktureringsbetingelsene for landene i\nhvor denne betalingsm\u00e5ten er tilgjengelig, finner du her: Tyskland, \u00d8sterrike.<\/li>\n \t<li>Kj\u00f8p p\u00e5 avbetaling: Med Klarnas finansieringstjeneste kan du betale for kj\u00f8pet ditt i avdrag.\nfaste eller fleksible m\u00e5nedlige avdrag til de satsene som er angitt i kassaapparatet.\nL\u00f8nnsbetingelser. Avdragsbetalingen forfaller i slutten av m\u00e5neden etter\nBetalingen forfaller til betaling n\u00e5r Klarna sender ut en m\u00e5nedlig faktura. Ytterligere informasjon\nfor avbetalingskj\u00f8p, inkludert de generelle vilk\u00e5rene og vilk\u00e5rene for\nEuropeisk standardinformasjon for forbruksl\u00e5n for landene i\nhvor denne betalingsm\u00e5ten er tilgjengelig, finner du her (kun i de angitte\nland tilgjengelig): Tyskland, \u00d8sterrike.<\/li>\n \t<li>Sofort\u00fcberweisung: Tilgjengelig i Tyskland, \u00d8sterrike. Belastningen p\u00e5 din\nkonto umiddelbart etter at du har lagt inn bestillingen.<\/li>\n \t<li>Direkte debitering: Bel\u00f8pet vil bli belastet etter at varene er sendt. Tiden vil v\u00e6re\nDu vil bli varslet via e-post. Du finner mer informasjon her.<\/li>\n \t<li>Kredittkort (Visa\/Mastercard): Tilgjengelig i Tyskland. Belastningen gj\u00f8res\netter at varene eller billettene er sendt\/ tjenesten er tilgjengelig, eller i tilfelle av\nav et abonnement i henhold til de kommuniserte tidspunktene.<\/li>\n<\/ul>\nBruk av betalingsm\u00e5tene faktura, avbetalingskj\u00f8p og avtalegiro krever en positiv\nKredittsjekk kreves. I denne forbindelse overf\u00f8rer vi opplysningene dine som en del av kj\u00f8psinitieringen\nog behandling av kj\u00f8pekontrakten til Klarna med det form\u00e5l \u00e5 adressere og\nKredittsjekken fortsetter. Vi ber om forst\u00e5else for at vi kun kan tilby deg de\ntilby betalingsm\u00e5ter som er tillatt basert p\u00e5 resultatet av kredittsjekken.\ner. Mer informasjon og Klarnas vilk\u00e5r for bruk finner du her.\nGenerell informasjon om Klarna finner du her. Personopplysningene dine vil bli\nav Klarna i samsvar med gjeldende personvernforskrifter og\nbehandles i samsvar med informasjonen i Klarnas personvernerkl\u00e6ring.\t\t\t\t\t\t<\/div>\n\t\t\t\t<\/div>\n\t\t\t\t\t<\/div>\n\t\t\t\t<\/div>\n\t\t\t\t<\/div>\n\t\t","protected":false},"excerpt":{"rendered":"<p>Vilk\u00e5r og betingelser 1 Kontraktspartner FitSmart B.V.Stadhouderskade 51054 ES AmsterdamThe Netherlands Kalles kontraktspartner i den f\u00f8lgende teksten. 2 Generelt, anvendelsesomr\u00e5de Alle tjenester som kontraktspartneren leverer til kunden, skal utf\u00f8res utelukkende p\u00e5 grunnlag av f\u00f8lgende generelle vilk\u00e5r og betingelser. Avvikende bestemmelser gjelder bare i den utstrekning de er avtalt mellom avtalepartneren og kunden eller er uttrykkelig [&hellip;]<\/p>\n","protected":false},"author":1,"featured_media":0,"parent":0,"menu_order":0,"comment_status":"closed","ping_status":"closed","template":"elementor_header_footer","meta":{"_acf_changed":false,"footnotes":""},"class_list":["post-3682","page","type-page","status-publish","hentry"],"acf":[],"_links":{"self":[{"href":"https:\/\/himero.io\/no\/wp-json\/wp\/v2\/pages\/3682","targetHints":{"allow":["GET"]}}],"collection":[{"href":"https:\/\/himero.io\/no\/wp-json\/wp\/v2\/pages"}],"about":[{"href":"https:\/\/himero.io\/no\/wp-json\/wp\/v2\/types\/page"}],"author":[{"embeddable":true,"href":"https:\/\/himero.io\/no\/wp-json\/wp\/v2\/users\/1"}],"replies":[{"embeddable":true,"href":"https:\/\/himero.io\/no\/wp-json\/wp\/v2\/comments?post=3682"}],"version-history":[{"count":7,"href":"https:\/\/himero.io\/no\/wp-json\/wp\/v2\/pages\/3682\/revisions"}],"predecessor-version":[{"id":2017919,"href":"https:\/\/himero.io\/no\/wp-json\/wp\/v2\/pages\/3682\/revisions\/2017919"}],"wp:attachment":[{"href":"https:\/\/himero.io\/no\/wp-json\/wp\/v2\/media?parent=3682"}],"curies":[{"name":"wp","href":"https:\/\/api.w.org\/{rel}","templated":true}]}}